{"id":90,"date":"2024-11-12T13:51:20","date_gmt":"2024-11-12T12:51:20","guid":{"rendered":"https:\/\/cracpanboumhop.com\/?page_id=90"},"modified":"2025-01-28T14:51:51","modified_gmt":"2025-01-28T13:51:51","slug":"le-site-de-catherine-b","status":"publish","type":"page","link":"https:\/\/cracpanboumhop.com\/index.php\/le-site-de-catherine-b\/","title":{"rendered":"Le site de Catherine B."},"content":{"rendered":"\n<p><code><div class=\"rl-gallery-container rl-loading\" id=\"rl-gallery-container-1\" data-gallery_id=\"104\"> <div class=\"rl-gallery rl-basicgrid-gallery rl-hover-effect-1\" id=\"rl-gallery-1\" data-gallery_no=\"1\"> <div class=\"rl-gallery-item\"><a href=\"https:\/\/cracpanboumhop.com\/wp-content\/uploads\/2024\/11\/C2.png\" title=\"\" data-rl_title=\"\" class=\"rl-gallery-link\" data-rl_caption=\"\" data-rel=\"lightbox-gallery-1\"><img loading=\"lazy\" decoding=\"async\" src=\"https:\/\/cracpanboumhop.com\/wp-content\/uploads\/2024\/11\/C2-150x150.png\" width=\"150\" height=\"150\" alt=\"\"\/><\/a><\/div><div class=\"rl-gallery-item\"><a href=\"https:\/\/cracpanboumhop.com\/wp-content\/uploads\/2024\/11\/C3.png\" title=\"\" data-rl_title=\"\" class=\"rl-gallery-link\" data-rl_caption=\"\" data-rel=\"lightbox-gallery-1\"><img loading=\"lazy\" decoding=\"async\" src=\"https:\/\/cracpanboumhop.com\/wp-content\/uploads\/2024\/11\/C3-150x150.png\" width=\"150\" height=\"150\" alt=\"\"\/><\/a><\/div><div class=\"rl-gallery-item\"><a href=\"https:\/\/cracpanboumhop.com\/wp-content\/uploads\/2024\/11\/C4.png\" title=\"\" data-rl_title=\"\" class=\"rl-gallery-link\" data-rl_caption=\"\" data-rel=\"lightbox-gallery-1\"><img loading=\"lazy\" decoding=\"async\" src=\"https:\/\/cracpanboumhop.com\/wp-content\/uploads\/2024\/11\/C4-150x150.png\" width=\"150\" height=\"150\" alt=\"\"\/><\/a><\/div><div class=\"rl-gallery-item\"><a href=\"https:\/\/cracpanboumhop.com\/wp-content\/uploads\/2024\/11\/C1.png\" title=\"\" data-rl_title=\"\" class=\"rl-gallery-link\" data-rl_caption=\"\" data-rel=\"lightbox-gallery-1\"><img loading=\"lazy\" decoding=\"async\" src=\"https:\/\/cracpanboumhop.com\/wp-content\/uploads\/2024\/11\/C1-150x150.png\" width=\"150\" height=\"150\" alt=\"\"\/><\/a><\/div> <\/div> <\/div><\/code><\/p>\n\n\n\n<p>Cr\u00e9ation d&rsquo;un site internet pour une artiste (enti\u00e8rement r\u00e9alis\u00e9 sur WordPress). <\/p>\n","protected":false},"excerpt":{"rendered":"<p>Cr\u00e9ation d&rsquo;un site internet pour une artiste (enti\u00e8rement r\u00e9alis\u00e9 sur WordPress).<\/p>\n","protected":false},"author":1,"featured_media":0,"parent":0,"menu_order":0,"comment_status":"closed","ping_status":"closed","template":"","meta":{"footnotes":""},"class_list":["post-90","page","type-page","status-publish","hentry"],"_links":{"self":[{"href":"https:\/\/cracpanboumhop.com\/index.php\/wp-json\/wp\/v2\/pages\/90","targetHints":{"allow":["GET"]}}],"collection":[{"href":"https:\/\/cracpanboumhop.com\/index.php\/wp-json\/wp\/v2\/pages"}],"about":[{"href":"https:\/\/cracpanboumhop.com\/index.php\/wp-json\/wp\/v2\/types\/page"}],"author":[{"embeddable":true,"href":"https:\/\/cracpanboumhop.com\/index.php\/wp-json\/wp\/v2\/users\/1"}],"replies":[{"embeddable":true,"href":"https:\/\/cracpanboumhop.com\/index.php\/wp-json\/wp\/v2\/comments?post=90"}],"version-history":[{"count":12,"href":"https:\/\/cracpanboumhop.com\/index.php\/wp-json\/wp\/v2\/pages\/90\/revisions"}],"predecessor-version":[{"id":365,"href":"https:\/\/cracpanboumhop.com\/index.php\/wp-json\/wp\/v2\/pages\/90\/revisions\/365"}],"wp:attachment":[{"href":"https:\/\/cracpanboumhop.com\/index.php\/wp-json\/wp\/v2\/media?parent=90"}],"curies":[{"name":"wp","href":"https:\/\/api.w.org\/{rel}","templated":true}]}}