{"id":344,"date":"2025-01-28T14:42:30","date_gmt":"2025-01-28T13:42:30","guid":{"rendered":"https:\/\/cracpanboumhop.com\/?page_id=344"},"modified":"2025-01-28T14:51:32","modified_gmt":"2025-01-28T13:51:32","slug":"livret-dexposition-pink-screens-2019-2021-2022","status":"publish","type":"page","link":"https:\/\/cracpanboumhop.com\/index.php\/livret-dexposition-pink-screens-2019-2021-2022\/","title":{"rendered":"Livret d&rsquo;exposition &#8211; PKS"},"content":{"rendered":"\n<p class=\"has-text-align-center\"><code><code><div class=\"rl-gallery-container rl-loading\" id=\"rl-gallery-container-1\" data-gallery_id=\"352\"> <div class=\"rl-gallery rl-basicgrid-gallery \" id=\"rl-gallery-1\" data-gallery_no=\"1\"> <div class=\"rl-gallery-item\"><a href=\"https:\/\/cracpanboumhop.com\/wp-content\/uploads\/2025\/01\/Capture-decran-2025-01-28-a-14.34.29.png\" title=\"\" data-rl_title=\"\" class=\"rl-gallery-link\" data-rl_caption=\"\" data-rel=\"lightbox-gallery-1\"><img loading=\"lazy\" decoding=\"async\" src=\"https:\/\/cracpanboumhop.com\/wp-content\/uploads\/2025\/01\/Capture-decran-2025-01-28-a-14.34.29-150x150.png\" width=\"150\" height=\"150\" alt=\"\"\/><\/a><\/div><div class=\"rl-gallery-item\"><a href=\"https:\/\/cracpanboumhop.com\/wp-content\/uploads\/2025\/01\/Capture-decran-2025-01-28-a-14.34.48.png\" title=\"\" data-rl_title=\"\" class=\"rl-gallery-link\" data-rl_caption=\"\" data-rel=\"lightbox-gallery-1\"><img loading=\"lazy\" decoding=\"async\" src=\"https:\/\/cracpanboumhop.com\/wp-content\/uploads\/2025\/01\/Capture-decran-2025-01-28-a-14.34.48-150x150.png\" width=\"150\" height=\"150\" alt=\"\"\/><\/a><\/div><div class=\"rl-gallery-item\"><a href=\"https:\/\/cracpanboumhop.com\/wp-content\/uploads\/2025\/01\/Capture-decran-2025-01-28-a-14.54.03.png\" title=\"\" data-rl_title=\"\" class=\"rl-gallery-link\" data-rl_caption=\"\" data-rel=\"lightbox-gallery-1\"><img loading=\"lazy\" decoding=\"async\" src=\"https:\/\/cracpanboumhop.com\/wp-content\/uploads\/2025\/01\/Capture-decran-2025-01-28-a-14.54.03-150x150.png\" width=\"150\" height=\"150\" alt=\"\"\/><\/a><\/div> <\/div> <\/div><\/code><\/code><\/p>\n\n\n\n<p class=\"has-text-align-center\"><code><div class=\"rl-gallery-container rl-loading\" id=\"rl-gallery-container-2\" data-gallery_id=\"356\"> <div class=\"rl-gallery rl-basicgrid-gallery \" id=\"rl-gallery-2\" data-gallery_no=\"2\"> <div class=\"rl-gallery-item\"><a href=\"https:\/\/cracpanboumhop.com\/wp-content\/uploads\/2025\/01\/Capture-decran-2025-01-28-a-14.33.28.png\" title=\"\" data-rl_title=\"\" class=\"rl-gallery-link\" data-rl_caption=\"\" data-rel=\"lightbox-gallery-2\"><img loading=\"lazy\" decoding=\"async\" src=\"https:\/\/cracpanboumhop.com\/wp-content\/uploads\/2025\/01\/Capture-decran-2025-01-28-a-14.33.28-150x150.png\" width=\"150\" height=\"150\" alt=\"\"\/><\/a><\/div><div class=\"rl-gallery-item\"><a href=\"https:\/\/cracpanboumhop.com\/wp-content\/uploads\/2025\/01\/Capture-decran-2025-01-28-a-14.34.05.png\" title=\"\" data-rl_title=\"\" class=\"rl-gallery-link\" data-rl_caption=\"\" data-rel=\"lightbox-gallery-2\"><img loading=\"lazy\" decoding=\"async\" src=\"https:\/\/cracpanboumhop.com\/wp-content\/uploads\/2025\/01\/Capture-decran-2025-01-28-a-14.34.05-150x150.png\" width=\"150\" height=\"150\" alt=\"\"\/><\/a><\/div><div class=\"rl-gallery-item\"><a href=\"https:\/\/cracpanboumhop.com\/wp-content\/uploads\/2025\/01\/Capture-decran-2025-01-28-a-14.53.32.png\" title=\"\" data-rl_title=\"\" class=\"rl-gallery-link\" data-rl_caption=\"\" data-rel=\"lightbox-gallery-2\"><img loading=\"lazy\" decoding=\"async\" src=\"https:\/\/cracpanboumhop.com\/wp-content\/uploads\/2025\/01\/Capture-decran-2025-01-28-a-14.53.32-150x150.png\" width=\"150\" height=\"150\" alt=\"\"\/><\/a><\/div> <\/div> <\/div><\/code><\/p>\n\n\n\n<p class=\"has-text-align-center\"><code><div class=\"rl-gallery-container rl-loading\" id=\"rl-gallery-container-3\" data-gallery_id=\"357\"> <div class=\"rl-gallery rl-basicgrid-gallery \" id=\"rl-gallery-3\" data-gallery_no=\"3\"> <div class=\"rl-gallery-item\"><a href=\"https:\/\/cracpanboumhop.com\/wp-content\/uploads\/2025\/01\/Capture-decran-2025-01-28-a-14.32.50.png\" title=\"\" data-rl_title=\"\" class=\"rl-gallery-link\" data-rl_caption=\"\" data-rel=\"lightbox-gallery-3\"><img loading=\"lazy\" decoding=\"async\" src=\"https:\/\/cracpanboumhop.com\/wp-content\/uploads\/2025\/01\/Capture-decran-2025-01-28-a-14.32.50-150x150.png\" width=\"150\" height=\"150\" alt=\"\"\/><\/a><\/div><div class=\"rl-gallery-item\"><a href=\"https:\/\/cracpanboumhop.com\/wp-content\/uploads\/2025\/01\/Capture-decran-2025-01-28-a-14.33.04.png\" title=\"\" data-rl_title=\"\" class=\"rl-gallery-link\" data-rl_caption=\"\" data-rel=\"lightbox-gallery-3\"><img loading=\"lazy\" decoding=\"async\" src=\"https:\/\/cracpanboumhop.com\/wp-content\/uploads\/2025\/01\/Capture-decran-2025-01-28-a-14.33.04-150x150.png\" width=\"150\" height=\"150\" alt=\"\"\/><\/a><\/div><div class=\"rl-gallery-item\"><a href=\"https:\/\/cracpanboumhop.com\/wp-content\/uploads\/2025\/01\/Capture-decran-2025-01-28-a-14.53.12.png\" title=\"\" data-rl_title=\"\" class=\"rl-gallery-link\" data-rl_caption=\"\" data-rel=\"lightbox-gallery-3\"><img loading=\"lazy\" decoding=\"async\" src=\"https:\/\/cracpanboumhop.com\/wp-content\/uploads\/2025\/01\/Capture-decran-2025-01-28-a-14.53.12-150x150.png\" width=\"150\" height=\"150\" alt=\"\"\/><\/a><\/div> <\/div> <\/div><\/code><\/p>\n\n\n\n<p>Conception graphique du livret de l\u2019exposition du Pink Screens Festival \u00e0 Bruxelles en 2019, 2021 et 2022 ainsi que du suivi de l&rsquo;impression &#8211; <em>tir\u00e9 \u00e0 \u00a0500 exemplaires<\/em>. <a href=\"https:\/\/pinkscreens.org\/fr\/pink-screens\">https:\/\/pinkscreens.org\/fr\/pink-screens<\/a><\/p>\n\n\n\n<p><\/p>\n","protected":false},"excerpt":{"rendered":"<p>Conception graphique du livret de l\u2019exposition du Pink Screens Festival \u00e0 Bruxelles en 2019, 2021 et 2022 ainsi que du suivi de l&rsquo;impression &#8211; tir\u00e9 \u00e0 \u00a0500 exemplaires. https:\/\/pinkscreens.org\/fr\/pink-screens<\/p>\n","protected":false},"author":1,"featured_media":0,"parent":0,"menu_order":0,"comment_status":"closed","ping_status":"closed","template":"","meta":{"footnotes":""},"class_list":["post-344","page","type-page","status-publish","hentry"],"_links":{"self":[{"href":"https:\/\/cracpanboumhop.com\/index.php\/wp-json\/wp\/v2\/pages\/344","targetHints":{"allow":["GET"]}}],"collection":[{"href":"https:\/\/cracpanboumhop.com\/index.php\/wp-json\/wp\/v2\/pages"}],"about":[{"href":"https:\/\/cracpanboumhop.com\/index.php\/wp-json\/wp\/v2\/types\/page"}],"author":[{"embeddable":true,"href":"https:\/\/cracpanboumhop.com\/index.php\/wp-json\/wp\/v2\/users\/1"}],"replies":[{"embeddable":true,"href":"https:\/\/cracpanboumhop.com\/index.php\/wp-json\/wp\/v2\/comments?post=344"}],"version-history":[{"count":8,"href":"https:\/\/cracpanboumhop.com\/index.php\/wp-json\/wp\/v2\/pages\/344\/revisions"}],"predecessor-version":[{"id":364,"href":"https:\/\/cracpanboumhop.com\/index.php\/wp-json\/wp\/v2\/pages\/344\/revisions\/364"}],"wp:attachment":[{"href":"https:\/\/cracpanboumhop.com\/index.php\/wp-json\/wp\/v2\/media?parent=344"}],"curies":[{"name":"wp","href":"https:\/\/api.w.org\/{rel}","templated":true}]}}