{"id":333,"date":"2025-01-28T14:29:09","date_gmt":"2025-01-28T13:29:09","guid":{"rendered":"https:\/\/cracpanboumhop.com\/?page_id=333"},"modified":"2025-01-28T14:52:17","modified_gmt":"2025-01-28T13:52:17","slug":"menu-cafe-coop","status":"publish","type":"page","link":"https:\/\/cracpanboumhop.com\/index.php\/menu-cafe-coop\/","title":{"rendered":"Menu caf\u00e9 COOP"},"content":{"rendered":"\n<p><code><div class=\"rl-gallery-container rl-loading\" id=\"rl-gallery-container-1\" data-gallery_id=\"337\"> <div class=\"rl-gallery rl-basicgrid-gallery \" id=\"rl-gallery-1\" data-gallery_no=\"1\"> <div class=\"rl-gallery-item\"><a href=\"https:\/\/cracpanboumhop.com\/wp-content\/uploads\/2025\/01\/NL-scaled.jpg\" title=\"\" data-rl_title=\"\" class=\"rl-gallery-link\" data-rl_caption=\"\" data-rel=\"lightbox-gallery-1\"><img loading=\"lazy\" decoding=\"async\" src=\"https:\/\/cracpanboumhop.com\/wp-content\/uploads\/2025\/01\/NL-150x150.jpg\" width=\"150\" height=\"150\" alt=\"\"\/><\/a><\/div><div class=\"rl-gallery-item\"><a href=\"https:\/\/cracpanboumhop.com\/wp-content\/uploads\/2025\/01\/FR-scaled.jpg\" title=\"\" data-rl_title=\"\" class=\"rl-gallery-link\" data-rl_caption=\"\" data-rel=\"lightbox-gallery-1\"><img loading=\"lazy\" decoding=\"async\" src=\"https:\/\/cracpanboumhop.com\/wp-content\/uploads\/2025\/01\/FR-150x150.jpg\" width=\"150\" height=\"150\" alt=\"\"\/><\/a><\/div> <\/div> <\/div><\/code><\/p>\n\n\n\n<p>Cr\u00e9ation d&rsquo;un menu pour un caf\u00e9 en Fran\u00e7ais et en N\u00e9erlandais.<\/p>\n","protected":false},"excerpt":{"rendered":"<p>Cr\u00e9ation d&rsquo;un menu pour un caf\u00e9 en Fran\u00e7ais et en N\u00e9erlandais.<\/p>\n","protected":false},"author":1,"featured_media":0,"parent":0,"menu_order":0,"comment_status":"closed","ping_status":"closed","template":"","meta":{"footnotes":""},"class_list":["post-333","page","type-page","status-publish","hentry"],"_links":{"self":[{"href":"https:\/\/cracpanboumhop.com\/index.php\/wp-json\/wp\/v2\/pages\/333","targetHints":{"allow":["GET"]}}],"collection":[{"href":"https:\/\/cracpanboumhop.com\/index.php\/wp-json\/wp\/v2\/pages"}],"about":[{"href":"https:\/\/cracpanboumhop.com\/index.php\/wp-json\/wp\/v2\/types\/page"}],"author":[{"embeddable":true,"href":"https:\/\/cracpanboumhop.com\/index.php\/wp-json\/wp\/v2\/users\/1"}],"replies":[{"embeddable":true,"href":"https:\/\/cracpanboumhop.com\/index.php\/wp-json\/wp\/v2\/comments?post=333"}],"version-history":[{"count":3,"href":"https:\/\/cracpanboumhop.com\/index.php\/wp-json\/wp\/v2\/pages\/333\/revisions"}],"predecessor-version":[{"id":369,"href":"https:\/\/cracpanboumhop.com\/index.php\/wp-json\/wp\/v2\/pages\/333\/revisions\/369"}],"wp:attachment":[{"href":"https:\/\/cracpanboumhop.com\/index.php\/wp-json\/wp\/v2\/media?parent=333"}],"curies":[{"name":"wp","href":"https:\/\/api.w.org\/{rel}","templated":true}]}}