{"id":314,"date":"2025-01-28T14:16:25","date_gmt":"2025-01-28T13:16:25","guid":{"rendered":"https:\/\/cracpanboumhop.com\/?page_id=314"},"modified":"2025-01-28T14:52:11","modified_gmt":"2025-01-28T13:52:11","slug":"summer-coop","status":"publish","type":"page","link":"https:\/\/cracpanboumhop.com\/index.php\/summer-coop\/","title":{"rendered":"Summer COOP"},"content":{"rendered":"\n<p><code><div class=\"rl-gallery-container rl-loading\" id=\"rl-gallery-container-1\" data-gallery_id=\"324\"> <div class=\"rl-gallery rl-basicgrid-gallery \" id=\"rl-gallery-1\" data-gallery_no=\"1\"> <div class=\"rl-gallery-item\"><a href=\"https:\/\/cracpanboumhop.com\/wp-content\/uploads\/2025\/01\/summerCOOP2_-scaled.jpg\" title=\"\" data-rl_title=\"\" class=\"rl-gallery-link\" data-rl_caption=\"\" data-rel=\"lightbox-gallery-1\"><img loading=\"lazy\" decoding=\"async\" src=\"https:\/\/cracpanboumhop.com\/wp-content\/uploads\/2025\/01\/summerCOOP2_-150x150.jpg\" width=\"150\" height=\"150\" alt=\"\"\/><\/a><\/div><div class=\"rl-gallery-item\"><a href=\"https:\/\/cracpanboumhop.com\/wp-content\/uploads\/2025\/01\/summer-scaled.jpg\" title=\"\" data-rl_title=\"\" class=\"rl-gallery-link\" data-rl_caption=\"\" data-rel=\"lightbox-gallery-1\"><img loading=\"lazy\" decoding=\"async\" src=\"https:\/\/cracpanboumhop.com\/wp-content\/uploads\/2025\/01\/summer-150x150.jpg\" width=\"150\" height=\"150\" alt=\"\"\/><\/a><\/div><div class=\"rl-gallery-item\"><a href=\"https:\/\/cracpanboumhop.com\/wp-content\/uploads\/2025\/01\/banniere-FB.jpg\" title=\"\" data-rl_title=\"\" class=\"rl-gallery-link\" data-rl_caption=\"\" data-rel=\"lightbox-gallery-1\"><img loading=\"lazy\" decoding=\"async\" src=\"https:\/\/cracpanboumhop.com\/wp-content\/uploads\/2025\/01\/banniere-FB-150x150.jpg\" width=\"150\" height=\"150\" alt=\"\"\/><\/a><\/div><div class=\"rl-gallery-item\"><a href=\"https:\/\/cracpanboumhop.com\/wp-content\/uploads\/2025\/01\/5.jpg\" title=\"\" data-rl_title=\"\" class=\"rl-gallery-link\" data-rl_caption=\"\" data-rel=\"lightbox-gallery-1\"><img loading=\"lazy\" decoding=\"async\" src=\"https:\/\/cracpanboumhop.com\/wp-content\/uploads\/2025\/01\/5-150x150.jpg\" width=\"150\" height=\"150\" alt=\"\"\/><\/a><\/div><div class=\"rl-gallery-item\"><a href=\"https:\/\/cracpanboumhop.com\/wp-content\/uploads\/2025\/01\/4.jpg\" title=\"\" data-rl_title=\"\" class=\"rl-gallery-link\" data-rl_caption=\"\" data-rel=\"lightbox-gallery-1\"><img loading=\"lazy\" decoding=\"async\" src=\"https:\/\/cracpanboumhop.com\/wp-content\/uploads\/2025\/01\/4-150x150.jpg\" width=\"150\" height=\"150\" alt=\"\"\/><\/a><\/div><div class=\"rl-gallery-item\"><a href=\"https:\/\/cracpanboumhop.com\/wp-content\/uploads\/2025\/01\/3.jpg\" title=\"\" data-rl_title=\"\" class=\"rl-gallery-link\" data-rl_caption=\"\" data-rel=\"lightbox-gallery-1\"><img loading=\"lazy\" decoding=\"async\" src=\"https:\/\/cracpanboumhop.com\/wp-content\/uploads\/2025\/01\/3-150x150.jpg\" width=\"150\" height=\"150\" alt=\"\"\/><\/a><\/div><div class=\"rl-gallery-item\"><a href=\"https:\/\/cracpanboumhop.com\/wp-content\/uploads\/2025\/01\/2.jpg\" title=\"\" data-rl_title=\"\" class=\"rl-gallery-link\" data-rl_caption=\"\" data-rel=\"lightbox-gallery-1\"><img loading=\"lazy\" decoding=\"async\" src=\"https:\/\/cracpanboumhop.com\/wp-content\/uploads\/2025\/01\/2-150x150.jpg\" width=\"150\" height=\"150\" alt=\"\"\/><\/a><\/div><div class=\"rl-gallery-item\"><a href=\"https:\/\/cracpanboumhop.com\/wp-content\/uploads\/2025\/01\/1.jpg\" title=\"\" data-rl_title=\"\" class=\"rl-gallery-link\" data-rl_caption=\"\" data-rel=\"lightbox-gallery-1\"><img loading=\"lazy\" decoding=\"async\" src=\"https:\/\/cracpanboumhop.com\/wp-content\/uploads\/2025\/01\/1-150x150.jpg\" width=\"150\" height=\"150\" alt=\"\"\/><\/a><\/div> <\/div> <\/div><\/code><\/p>\n\n\n\n<p>Cr\u00e9ation d\u2019une identit\u00e9 visuelle pour un \u00e9v\u00e8nement \u2013 communication sur Facebook et Instagram (Affiches FR + NL \/ Banni\u00e8re Facebook \/ Posts Instagram).<\/p>\n","protected":false},"excerpt":{"rendered":"<p>Cr\u00e9ation d\u2019une identit\u00e9 visuelle pour un \u00e9v\u00e8nement \u2013 communication sur Facebook et Instagram (Affiches FR + NL \/ Banni\u00e8re Facebook \/ Posts Instagram).<\/p>\n","protected":false},"author":1,"featured_media":0,"parent":0,"menu_order":0,"comment_status":"closed","ping_status":"closed","template":"","meta":{"footnotes":""},"class_list":["post-314","page","type-page","status-publish","hentry"],"_links":{"self":[{"href":"https:\/\/cracpanboumhop.com\/index.php\/wp-json\/wp\/v2\/pages\/314","targetHints":{"allow":["GET"]}}],"collection":[{"href":"https:\/\/cracpanboumhop.com\/index.php\/wp-json\/wp\/v2\/pages"}],"about":[{"href":"https:\/\/cracpanboumhop.com\/index.php\/wp-json\/wp\/v2\/types\/page"}],"author":[{"embeddable":true,"href":"https:\/\/cracpanboumhop.com\/index.php\/wp-json\/wp\/v2\/users\/1"}],"replies":[{"embeddable":true,"href":"https:\/\/cracpanboumhop.com\/index.php\/wp-json\/wp\/v2\/comments?post=314"}],"version-history":[{"count":3,"href":"https:\/\/cracpanboumhop.com\/index.php\/wp-json\/wp\/v2\/pages\/314\/revisions"}],"predecessor-version":[{"id":368,"href":"https:\/\/cracpanboumhop.com\/index.php\/wp-json\/wp\/v2\/pages\/314\/revisions\/368"}],"wp:attachment":[{"href":"https:\/\/cracpanboumhop.com\/index.php\/wp-json\/wp\/v2\/media?parent=314"}],"curies":[{"name":"wp","href":"https:\/\/api.w.org\/{rel}","templated":true}]}}