{"id":180,"date":"2024-11-12T15:34:34","date_gmt":"2024-11-12T14:34:34","guid":{"rendered":"https:\/\/cracpanboumhop.com\/?page_id=180"},"modified":"2024-11-12T15:34:34","modified_gmt":"2024-11-12T14:34:34","slug":"flyer-pour-art-marges","status":"publish","type":"page","link":"https:\/\/cracpanboumhop.com\/index.php\/flyer-pour-art-marges\/","title":{"rendered":"Flyer pour Art &amp; Marges"},"content":{"rendered":"\n<p><code><div class=\"rl-gallery-container rl-loading\" id=\"rl-gallery-container-1\" data-gallery_id=\"184\"> <div class=\"rl-gallery rl-basicgrid-gallery \" id=\"rl-gallery-1\" data-gallery_no=\"1\"> <div class=\"rl-gallery-item\"><a href=\"https:\/\/cracpanboumhop.com\/wp-content\/uploads\/2024\/11\/rectoA.png\" title=\"\" data-rl_title=\"\" class=\"rl-gallery-link\" data-rl_caption=\"\" data-rel=\"lightbox-gallery-1\"><img loading=\"lazy\" decoding=\"async\" src=\"https:\/\/cracpanboumhop.com\/wp-content\/uploads\/2024\/11\/rectoA-150x150.png\" width=\"150\" height=\"150\" alt=\"\"\/><\/a><\/div><div class=\"rl-gallery-item\"><a href=\"https:\/\/cracpanboumhop.com\/wp-content\/uploads\/2024\/11\/versoA.png\" title=\"\" data-rl_title=\"\" class=\"rl-gallery-link\" data-rl_caption=\"\" data-rel=\"lightbox-gallery-1\"><img loading=\"lazy\" decoding=\"async\" src=\"https:\/\/cracpanboumhop.com\/wp-content\/uploads\/2024\/11\/versoA-150x150.png\" width=\"150\" height=\"150\" alt=\"\"\/><\/a><\/div> <\/div> <\/div><\/code><\/p>\n\n\n\n<p>R\u00e9alisation d&rsquo;un flyer pour le Art &amp; Marges mus\u00e9e \u00e0 Bruxelles. <\/p>\n","protected":false},"excerpt":{"rendered":"<p>R\u00e9alisation d&rsquo;un flyer pour le Art &amp; Marges mus\u00e9e \u00e0 Bruxelles.<\/p>\n","protected":false},"author":1,"featured_media":0,"parent":0,"menu_order":0,"comment_status":"closed","ping_status":"closed","template":"","meta":{"footnotes":""},"class_list":["post-180","page","type-page","status-publish","hentry"],"_links":{"self":[{"href":"https:\/\/cracpanboumhop.com\/index.php\/wp-json\/wp\/v2\/pages\/180","targetHints":{"allow":["GET"]}}],"collection":[{"href":"https:\/\/cracpanboumhop.com\/index.php\/wp-json\/wp\/v2\/pages"}],"about":[{"href":"https:\/\/cracpanboumhop.com\/index.php\/wp-json\/wp\/v2\/types\/page"}],"author":[{"embeddable":true,"href":"https:\/\/cracpanboumhop.com\/index.php\/wp-json\/wp\/v2\/users\/1"}],"replies":[{"embeddable":true,"href":"https:\/\/cracpanboumhop.com\/index.php\/wp-json\/wp\/v2\/comments?post=180"}],"version-history":[{"count":1,"href":"https:\/\/cracpanboumhop.com\/index.php\/wp-json\/wp\/v2\/pages\/180\/revisions"}],"predecessor-version":[{"id":185,"href":"https:\/\/cracpanboumhop.com\/index.php\/wp-json\/wp\/v2\/pages\/180\/revisions\/185"}],"wp:attachment":[{"href":"https:\/\/cracpanboumhop.com\/index.php\/wp-json\/wp\/v2\/media?parent=180"}],"curies":[{"name":"wp","href":"https:\/\/api.w.org\/{rel}","templated":true}]}}